{"id":627,"date":"2023-01-03T14:52:46","date_gmt":"2023-01-03T13:52:46","guid":{"rendered":"https:\/\/www.ptsoftware.eu\/?page_id=627"},"modified":"2023-01-03T15:12:00","modified_gmt":"2023-01-03T14:12:00","slug":"datenschutz-bestimmungen","status":"publish","type":"page","link":"https:\/\/www.ptsoftware.eu\/de\/datenschutz-bestimmungen\/","title":{"rendered":"DATENSCHUTZ-BESTIMMUNGEN"},"content":{"rendered":"\n<p><strong>DATENSCHUTZ-BESTIMMUNGEN<\/strong><\/p>\n\n\n\n<p>Informationen \u00fcber Kunst. 13 Gesetzesdekret vom 30. Juni 2003, n. 196 Code zum Schutz personenbezogener Daten und Kunst. 14 der Verordnung n. 679\/2016 DSGVO. Die vom Benutzer bereitgestellten personenbezogenen Daten werden in eine spezielle elektronische Datenbank eingegeben, damit sie f\u00fcr den Zugriff auf die angeforderten Dienste verwendet werden k\u00f6nnen. <\/p>\n\n\n\n<p>Der Datenverantwortliche ist Sporting Club Leonardo Da Vinci S.r.l. s.s.d., mit Sitz in Mailand (MI), Via Natale Battaglia n.6. Sportverein Leonardo Da Vinci S.r.l. s.s.d., als Inhaber der Datenverarbeitung, informiert, dass die bei der Registrierung angeforderte E-Mail-Adresse und die anderen angegebenen personenbezogenen Daten mit Zustimmung der interessierten Partei verarbeitet werden, um die vom Benutzer angeforderten Informationen bereitzustellen. Gem\u00e4\u00df Art. 7 des gesetzesvertretenden Dekrets vom 30. Juni 2003, n. 196 (Code zum Schutz personenbezogener Daten) und Artikel 17 der Verordnung Nr. 679\/2016 DSGVO hat der Benutzer das Recht, eine Best\u00e4tigung \u00fcber das Vorhandensein oder Nichtvorhandensein von ihn betreffenden personenbezogenen Daten, auch wenn sie noch nicht registriert sind, und deren Mitteilung in verst\u00e4ndlicher Form zu erhalten. <\/p>\n\n\n\n<p>Dar\u00fcber hinaus hat der Benutzer das Recht, folgende Angaben zu erhalten: Herkunft der personenbezogenen Daten; der Zwecke und Methoden der Behandlung; der angewandten Logik im Falle einer Behandlung mit Hilfe elektronischer Instrumente; der Identifikationsdaten des Eigent\u00fcmers, der Gesch\u00e4ftsf\u00fchrer und des designierten Vertreters gem\u00e4\u00df Art. 5, Absatz 2 des Gesetzesdekrets vom 30.06.2003, n. 196; der Subjekte oder Kategorien von Subjekten, denen die personenbezogenen Daten mitgeteilt werden k\u00f6nnen oder die als im Staatsgebiet benannte Vertreter, Manager oder Beauftragte davon erfahren k\u00f6nnen. <\/p>\n\n\n\n<p>Dar\u00fcber hinaus hat der Benutzer das Recht, Folgendes zu erhalten: Aktualisierung, Berichtigung oder, falls interessiert, Integration von Daten; die L\u00f6schung, Umwandlung in anonyme Form oder Sperrung unrechtm\u00e4\u00dfig verarbeiteter Daten, einschlie\u00dflich Daten, deren Aufbewahrung f\u00fcr die Zwecke, f\u00fcr die sie erhoben oder sp\u00e4ter verarbeitet wurden, nicht erforderlich ist. Der Antrag auf L\u00f6schung von Daten muss an privacy@sportingclubleonardo.it gesendet werden, die Bescheinigung, dass die in den vorstehenden Punkten genannten Vorg\u00e4nge auch inhaltlich denjenigen zur Kenntnis gebracht wurden, denen die Daten mitgeteilt oder verbreitet wurden , au\u00dfer in dem Fall, in dem sich diese Erf\u00fcllung als unm\u00f6glich erweist oder einen Einsatz von Mitteln erfordert, die in einem offensichtlich unverh\u00e4ltnism\u00e4\u00dfigen Verh\u00e4ltnis zum gesch\u00fctzten Recht stehen. Schlie\u00dflich hat der Nutzer das Recht, sich ganz oder teilweise zu widersetzen: aus legitimen Gr\u00fcnden gegen die Verarbeitung der ihn betreffenden personenbezogenen Daten, auch wenn sie f\u00fcr den Zweck der Erhebung relevant sind. Der Verantwortliche f\u00fcr die Datenverarbeitung (DSB), der f\u00fcr die Beantwortung der Interessenten im Falle der Aus\u00fcbung von Rechten bestimmt ist, ist Avv. Barbara Anzani, erreichbar unter dpo-gdpr@sportingclubleonardo.it<\/p>\n","protected":false},"excerpt":{"rendered":"<p>DATENSCHUTZ-BESTIMMUNGEN Informationen \u00fcber Kunst. 13 Gesetzesdekret vom 30. Juni 2003, n. 196 Code zum Schutz personenbezogener Daten und Kunst. 14 der Verordnung n. 679\/2016 DSGVO. Die vom Benutzer bereitgestellten personenbezogenen Daten werden in eine spezielle elektronische Datenbank eingegeben, damit sie f\u00fcr den Zugriff auf die angeforderten Dienste verwendet werden k\u00f6nnen. Der Datenverantwortliche ist Sporting Club [&hellip;]<\/p>\n","protected":false},"author":2,"featured_media":0,"parent":0,"menu_order":3,"comment_status":"closed","ping_status":"closed","template":"page-privacy.php","meta":{"_acf_changed":false,"footnotes":""},"class_list":["post-627","page","type-page","status-publish","hentry"],"acf":[],"_links":{"self":[{"href":"https:\/\/www.ptsoftware.eu\/de\/wp-json\/wp\/v2\/pages\/627","targetHints":{"allow":["GET"]}}],"collection":[{"href":"https:\/\/www.ptsoftware.eu\/de\/wp-json\/wp\/v2\/pages"}],"about":[{"href":"https:\/\/www.ptsoftware.eu\/de\/wp-json\/wp\/v2\/types\/page"}],"author":[{"embeddable":true,"href":"https:\/\/www.ptsoftware.eu\/de\/wp-json\/wp\/v2\/users\/2"}],"replies":[{"embeddable":true,"href":"https:\/\/www.ptsoftware.eu\/de\/wp-json\/wp\/v2\/comments?post=627"}],"version-history":[{"count":2,"href":"https:\/\/www.ptsoftware.eu\/de\/wp-json\/wp\/v2\/pages\/627\/revisions"}],"predecessor-version":[{"id":632,"href":"https:\/\/www.ptsoftware.eu\/de\/wp-json\/wp\/v2\/pages\/627\/revisions\/632"}],"wp:attachment":[{"href":"https:\/\/www.ptsoftware.eu\/de\/wp-json\/wp\/v2\/media?parent=627"}],"curies":[{"name":"wp","href":"https:\/\/api.w.org\/{rel}","templated":true}]}}