{"id":629,"date":"2023-01-03T15:10:43","date_gmt":"2023-01-03T14:10:43","guid":{"rendered":"https:\/\/www.ptsoftware.eu\/?page_id=629"},"modified":"2023-01-03T15:12:38","modified_gmt":"2023-01-03T14:12:38","slug":"politique-de-confidentialite","status":"publish","type":"page","link":"https:\/\/www.ptsoftware.eu\/fr\/politique-de-confidentialite\/","title":{"rendered":"POLITIQUE DE CONFIDENTIALIT\u00c9"},"content":{"rendered":"\n<p><strong>POLITIQUE DE CONFIDENTIALIT\u00c9<\/strong><\/p>\n\n\n\n<p>Informations sur l'art. 13 D\u00e9cret l\u00e9gislatif 30 juin 2003, n. 196 Code en mati\u00e8re de protection des donn\u00e9es personnelles et art. 14 du R\u00e8glement n. 679\/2016 RGPD. Les donn\u00e9es personnelles fournies par l'utilisateur seront saisies dans une base de donn\u00e9es \u00e9lectronique sp\u00e9ciale, afin qu'elles puissent \u00eatre utilis\u00e9es pour acc\u00e9der aux services demand\u00e9s. Le responsable du traitement est le Sporting Club Leonardo Da Vinci S.r.l. s.s.d., dont le si\u00e8ge est \u00e0 Milan (MI), Via Natale Battaglia n.6. Sporting Club Leonardo Da Vinci S.r.l. s.s.d., en tant que propri\u00e9taire du traitement des donn\u00e9es, informe que l'adresse e-mail demand\u00e9e lors de l'inscription et les autres donn\u00e9es personnelles fournies seront trait\u00e9es avec le consentement de l'int\u00e9ress\u00e9, afin de fournir les informations demand\u00e9es par l'Utilisateur. <\/p>\n\n\n\n<p>Conform\u00e9ment \u00e0 l'art. 7 du d\u00e9cret l\u00e9gislatif 30 juin 2003, n. 196 (Code de protection des donn\u00e9es personnelles) et l'article 17 du R\u00e8glement no. 679\/2016 GDPR, l'Utilisateur a le droit d'obtenir la confirmation de l'existence ou non de donn\u00e9es personnelles le concernant, m\u00eame si elles ne sont pas encore enregistr\u00e9es, et leur communication sous une forme intelligible. <\/p>\n\n\n\n<p>En outre, l'Utilisateur a le droit d'obtenir l'indication : de l'origine des donn\u00e9es personnelles ; des finalit\u00e9s et modalit\u00e9s du traitement ; de la logique appliqu\u00e9e en cas de traitement effectu\u00e9 \u00e0 l'aide d'instruments \u00e9lectroniques&nbsp;; des donn\u00e9es d'identification du propri\u00e9taire, des g\u00e9rants et du repr\u00e9sentant d\u00e9sign\u00e9 conform\u00e9ment \u00e0 l'art. 5, alin\u00e9a 2 du d\u00e9cret l\u00e9gislatif 30\/06\/2003, n. 196&nbsp;; des sujets ou cat\u00e9gories de sujets auxquels les donn\u00e9es personnelles peuvent \u00eatre communiqu\u00e9es ou qui peuvent en prendre connaissance en tant que repr\u00e9sentant d\u00e9sign\u00e9 sur le territoire de l'\u00c9tat, responsables ou agents. En outre, l'Utilisateur a le droit d'obtenir : la mise \u00e0 jour, la rectification ou, le cas \u00e9ch\u00e9ant, l'int\u00e9gration des donn\u00e9es ; l'annulation, la transformation en forme anonyme ou le blocage des donn\u00e9es trait\u00e9es ill\u00e9galement, y compris les donn\u00e9es dont la conservation n'est pas n\u00e9cessaire aux fins pour lesquelles les donn\u00e9es ont \u00e9t\u00e9 collect\u00e9es ou trait\u00e9es ult\u00e9rieurement. <\/p>\n\n\n\n<p>La demande de suppression de donn\u00e9es doit \u00eatre envoy\u00e9e \u00e0 privacy@sportingclubleonardo.it l'attestation que les op\u00e9rations vis\u00e9es aux points pr\u00e9c\u00e9dents ont \u00e9t\u00e9 port\u00e9es \u00e0 l'attention, \u00e9galement en ce qui concerne leur contenu, de ceux \u00e0 qui les donn\u00e9es ont \u00e9t\u00e9 communiqu\u00e9es ou diffus\u00e9es , sauf dans le cas o\u00f9 cette r\u00e9alisation s'av\u00e8re impossible ou implique l'emploi de moyens manifestement disproportionn\u00e9s au droit prot\u00e9g\u00e9. <\/p>\n\n\n\n<p>Enfin, l'Utilisateur a le droit de s'opposer, en tout ou en partie : pour des motifs l\u00e9gitimes au traitement des donn\u00e9es personnelles le concernant, m\u00eame si pertinentes au regard de la finalit\u00e9 de la collecte. Le responsable du traitement des donn\u00e9es (DPO) d\u00e9sign\u00e9 pour r\u00e9pondre \u00e0 l'int\u00e9ress\u00e9 en cas d'exercice des droits, est Avv. Barbara Anzani qui peut \u00eatre contact\u00e9e \u00e0 dpo-gdpr@sportingclubleonardo.it<\/p>\n","protected":false},"excerpt":{"rendered":"<p>POLITIQUE DE CONFIDENTIALIT\u00c9 Informations sur l&rsquo;art. 13 D\u00e9cret l\u00e9gislatif 30 juin 2003, n. 196 Code en mati\u00e8re de protection des donn\u00e9es personnelles et art. 14 du R\u00e8glement n. 679\/2016 RGPD. Les donn\u00e9es personnelles fournies par l&rsquo;utilisateur seront saisies dans une base de donn\u00e9es \u00e9lectronique sp\u00e9ciale, afin qu&rsquo;elles puissent \u00eatre utilis\u00e9es pour acc\u00e9der aux services demand\u00e9s. [&hellip;]<\/p>\n","protected":false},"author":2,"featured_media":0,"parent":0,"menu_order":3,"comment_status":"closed","ping_status":"closed","template":"page-privacy.php","meta":{"_acf_changed":false,"footnotes":""},"class_list":["post-629","page","type-page","status-publish","hentry"],"acf":[],"_links":{"self":[{"href":"https:\/\/www.ptsoftware.eu\/fr\/wp-json\/wp\/v2\/pages\/629","targetHints":{"allow":["GET"]}}],"collection":[{"href":"https:\/\/www.ptsoftware.eu\/fr\/wp-json\/wp\/v2\/pages"}],"about":[{"href":"https:\/\/www.ptsoftware.eu\/fr\/wp-json\/wp\/v2\/types\/page"}],"author":[{"embeddable":true,"href":"https:\/\/www.ptsoftware.eu\/fr\/wp-json\/wp\/v2\/users\/2"}],"replies":[{"embeddable":true,"href":"https:\/\/www.ptsoftware.eu\/fr\/wp-json\/wp\/v2\/comments?post=629"}],"version-history":[{"count":3,"href":"https:\/\/www.ptsoftware.eu\/fr\/wp-json\/wp\/v2\/pages\/629\/revisions"}],"predecessor-version":[{"id":633,"href":"https:\/\/www.ptsoftware.eu\/fr\/wp-json\/wp\/v2\/pages\/629\/revisions\/633"}],"wp:attachment":[{"href":"https:\/\/www.ptsoftware.eu\/fr\/wp-json\/wp\/v2\/media?parent=629"}],"curies":[{"name":"wp","href":"https:\/\/api.w.org\/{rel}","templated":true}]}}